
{"id":1150,"date":"2016-07-27T09:03:58","date_gmt":"2016-07-27T09:03:58","guid":{"rendered":"http:\/\/www.eurojets.nova-tendencia.com\/de\/flight-link\/"},"modified":"2023-12-14T20:24:58","modified_gmt":"2023-12-14T20:24:58","slug":"flight-link","status":"publish","type":"page","link":"https:\/\/www.excellenceeurojets.com\/de\/flight-link\/","title":{"rendered":"FLIGHT LINK"},"content":{"rendered":"<p>Am Abreisetag holen wir Sie mit dem Hubschrauber an ihrem Wohnsitz und fliegen Sie zu dem gew\u00fcnschten Flughafen. Bei der Ankunft werden Sie direkt mit Hilfe von unserem Team das Flugzeug besteigen.<\/p>\n<p>Bei der Ankunft in einem der drei Flugh\u00e4fen, von dem Moment wann Ihr Flugzeug landet, werden Sie pers\u00f6nlich an der Zollkontrolle begleitet. Dann einsteigen wieder in unseren Hubschrauber und Sie werden geflogen zu ihrem Wohnsitz in Marbella oder irgendeine andere Reiseziele in Andalusien.<\/p>\n<p>Vorteile;<\/p>\n<ul>\n<li>Zwei Fl\u00fcge in einem einzigen Vertrag, leichter und einfacher.<\/li>\n<li>Perfekte Abstimmung f\u00fcr Abfl\u00fcge und Ank\u00fcnfte der beiden Fl\u00fcge.<\/li>\n<li>Von T\u00fcr zu T\u00fcr, von Residence via Helikopter zu Ihrem Flugzeug oder umgekehrt.<\/li>\n<li>Spezielle im Flug Gastronomie Shuttlecopter \u00ae<\/li>\n<li>Gep\u00e4ck Abholung vom Wohnort zum Flugzeug.<\/li>\n<li>VIP-Transport verf\u00fcgbar, falls erforderlich.<\/li>\n<li>Erm\u00e4\u00dfigter Zahlenwert auf beiden Fl\u00fcgen<\/li>\n<li>Unser Helikopter ist ein sehr komfortables, ruhig, mit der neuesten Generation 6-Sitzer Modell, mit zwei Triebwerken (Twin Engine) f\u00fcr Sicherheit im Flug.<\/li>\n<\/ul>\n<p>Alles ist unter unserer Verantwortung und Kontrolle, die Verbindung der beiden Fl\u00fcge beantragt versichert und \u00fcberwacht wird, durch Exzellenz Eurojets.<\/p>\n<p>Entspannen Sie sich und genie\u00dfen Sie es, Sie sind ein\u00a0<strong>Premium<\/strong> Kunde.<\/p>\n","protected":false},"excerpt":{"rendered":"<p>Am Abreisetag holen wir Sie mit dem Hubschrauber an ihrem Wohnsitz und fliegen Sie zu dem gew\u00fcnschten Flughafen. Bei der Ankunft werden Sie direkt mit Hilfe von unserem Team das Flugzeug besteigen. Bei der Ankunft in einem der drei Flugh\u00e4fen, von dem Moment wann Ihr Flugzeug landet, werden Sie pers\u00f6nlich an der Zollkontrolle begleitet. Dann [&hellip;]<\/p>\n","protected":false},"author":1,"featured_media":2454,"parent":0,"menu_order":0,"comment_status":"closed","ping_status":"closed","template":"page-image-side.php","meta":{"_acf_changed":false,"_joinchat":[],"footnotes":""},"class_list":["post-1150","page","type-page","status-publish","has-post-thumbnail","hentry"],"acf":[],"_links":{"self":[{"href":"https:\/\/www.excellenceeurojets.com\/de\/wp-json\/wp\/v2\/pages\/1150","targetHints":{"allow":["GET"]}}],"collection":[{"href":"https:\/\/www.excellenceeurojets.com\/de\/wp-json\/wp\/v2\/pages"}],"about":[{"href":"https:\/\/www.excellenceeurojets.com\/de\/wp-json\/wp\/v2\/types\/page"}],"author":[{"embeddable":true,"href":"https:\/\/www.excellenceeurojets.com\/de\/wp-json\/wp\/v2\/users\/1"}],"replies":[{"embeddable":true,"href":"https:\/\/www.excellenceeurojets.com\/de\/wp-json\/wp\/v2\/comments?post=1150"}],"version-history":[{"count":4,"href":"https:\/\/www.excellenceeurojets.com\/de\/wp-json\/wp\/v2\/pages\/1150\/revisions"}],"predecessor-version":[{"id":2455,"href":"https:\/\/www.excellenceeurojets.com\/de\/wp-json\/wp\/v2\/pages\/1150\/revisions\/2455"}],"wp:featuredmedia":[{"embeddable":true,"href":"https:\/\/www.excellenceeurojets.com\/de\/wp-json\/wp\/v2\/media\/2454"}],"wp:attachment":[{"href":"https:\/\/www.excellenceeurojets.com\/de\/wp-json\/wp\/v2\/media?parent=1150"}],"curies":[{"name":"wp","href":"https:\/\/api.w.org\/{rel}","templated":true}]}}