
{"id":1136,"date":"2016-07-27T08:22:26","date_gmt":"2016-07-27T08:22:26","guid":{"rendered":"http:\/\/www.eurojets.nova-tendencia.com\/fr\/premium-flight-pack\/"},"modified":"2023-12-14T20:52:55","modified_gmt":"2023-12-14T20:52:55","slug":"premium-flight-pack","status":"publish","type":"page","link":"https:\/\/www.excellenceeurojets.com\/fr\/premium-flight-pack\/","title":{"rendered":"PREMIUM PACK VOL"},"content":{"rendered":"<div>\n<p>Au d\u00e9part, nous venons vous chercher en h\u00e9licopt\u00e8re chez vous et volons jusqu\u2019\u00e0 l\u2019a\u00e9roport de votre choix. \u00c0 l\u2019arriv\u00e9e, vous montrez directement \u00e0 bord de l\u2019avion avec l\u2019aide de notre \u00e9quipe.<\/p>\n<p>\u00c0 l\u2019arriv\u00e9e dans l\u2019un des trois a\u00e9roports, d\u00e8s que votre avion atterrit, vous serez accompagn\u00e9 personnellement vers le service de contr\u00f4le douanier. Enfin, notre h\u00e9licopt\u00e8re vous emm\u00e8nera chez vous \u00e0 Marbella ou partout ailleurs en Andalousie.<\/p>\n<p>Avantages;<\/p>\n<ul>\n<li>Deux vols avec un simple contrat, plus facile et plus simple.<\/li>\n<li>Coordination parfaite des deux vols aux d\u00e9parts et aux arriv\u00e9es.<\/li>\n<li>Door to Door, depuis chez vous par h\u00e9licopt\u00e8re jusqu\u2019\u00e0 l\u2019a\u00e9roport de votre vol ou vice versa.<\/li>\n<li>Service sp\u00e9cial de restauration \u00e0 bord de Shuttlecopter \u00ae<\/li>\n<li>Prise en charge des bagages de chez vous \u00e0 l\u2019avion.<\/li>\n<li>Transport VIP disponible, si n\u00e9cessaire.<\/li>\n<li>Tarif r\u00e9duit sur les deux vols.<\/li>\n<li>Notre h\u00e9licopt\u00e8re est tr\u00e8s confortable, silencieux et dispose d\u2019un mod\u00e8le de six si\u00e8ges de derni\u00e8re g\u00e9n\u00e9ration, avec deux r\u00e9acteurs (bimoteur) pour un vol en toute s\u00e9curit\u00e9.<\/li>\n<\/ul>\n<p>Nous assurons toutes les responsabilit\u00e9s et proc\u00e9dures de contr\u00f4le, la connexion des deux vols est requise, assur\u00e9e et supervis\u00e9e par Excellence Eurojets.<\/p>\n<p>D\u00e9tendez-vous et profitez, vous \u00eates un client privil\u00e9gi\u00e9.<\/p>\n<\/div>\n","protected":false},"excerpt":{"rendered":"<p>Au d\u00e9part, nous venons vous chercher en h\u00e9licopt\u00e8re chez vous et volons jusqu\u2019\u00e0 l\u2019a\u00e9roport de votre choix. \u00c0 l\u2019arriv\u00e9e, vous montrez directement \u00e0 bord de l\u2019avion avec l\u2019aide de notre \u00e9quipe. \u00c0 l\u2019arriv\u00e9e dans l\u2019un des trois a\u00e9roports, d\u00e8s que votre avion atterrit, vous serez accompagn\u00e9 personnellement vers le service de contr\u00f4le douanier. Enfin, notre [&hellip;]<\/p>\n","protected":false},"author":1,"featured_media":2438,"parent":0,"menu_order":0,"comment_status":"closed","ping_status":"closed","template":"page-image-side.php","meta":{"_acf_changed":false,"_joinchat":[],"footnotes":""},"class_list":["post-1136","page","type-page","status-publish","has-post-thumbnail","hentry"],"acf":[],"_links":{"self":[{"href":"https:\/\/www.excellenceeurojets.com\/fr\/wp-json\/wp\/v2\/pages\/1136","targetHints":{"allow":["GET"]}}],"collection":[{"href":"https:\/\/www.excellenceeurojets.com\/fr\/wp-json\/wp\/v2\/pages"}],"about":[{"href":"https:\/\/www.excellenceeurojets.com\/fr\/wp-json\/wp\/v2\/types\/page"}],"author":[{"embeddable":true,"href":"https:\/\/www.excellenceeurojets.com\/fr\/wp-json\/wp\/v2\/users\/1"}],"replies":[{"embeddable":true,"href":"https:\/\/www.excellenceeurojets.com\/fr\/wp-json\/wp\/v2\/comments?post=1136"}],"version-history":[{"count":5,"href":"https:\/\/www.excellenceeurojets.com\/fr\/wp-json\/wp\/v2\/pages\/1136\/revisions"}],"predecessor-version":[{"id":2489,"href":"https:\/\/www.excellenceeurojets.com\/fr\/wp-json\/wp\/v2\/pages\/1136\/revisions\/2489"}],"wp:featuredmedia":[{"embeddable":true,"href":"https:\/\/www.excellenceeurojets.com\/fr\/wp-json\/wp\/v2\/media\/2438"}],"wp:attachment":[{"href":"https:\/\/www.excellenceeurojets.com\/fr\/wp-json\/wp\/v2\/media?parent=1136"}],"curies":[{"name":"wp","href":"https:\/\/api.w.org\/{rel}","templated":true}]}}