
{"id":803,"date":"2015-12-18T11:41:00","date_gmt":"2015-12-18T11:41:00","guid":{"rendered":"https:\/\/www.excellenceeurojets.com\/fr\/sobre-nosotros\/"},"modified":"2016-03-21T07:56:05","modified_gmt":"2016-03-21T07:56:05","slug":"propos-de-nous","status":"publish","type":"page","link":"https:\/\/www.excellenceeurojets.com\/fr\/propos-de-nous\/","title":{"rendered":"Propos de nous"},"content":{"rendered":"<p>Bienvenue dans notre entreprise. Nous sommes une entreprise d\u2019affr\u00e8tement a\u00e9rien professionnelle et notre si\u00e8ge social est situ\u00e9 \u00e0 Marbella en Espagne.<\/p>\n<p>Nous sommes en mesure de vous faire voyager par voie a\u00e9rienne partout dans le monde avec l\u2019exclusivit\u00e9 et le confort le plus total, nous vous offrons \u00e9galement un service enti\u00e8rement personnalis\u00e9 dont vous n\u2019avez jamais fait l\u2019exp\u00e9rience auparavant.<\/p>\n<p>Nous offrons \u00e0 nos clients le pouvoir d\u2019achat le plus important au monde, avec des centres locaux et les meilleures exp\u00e9riences op\u00e9rationnelles offertes sur le march\u00e9.<\/p>\n<p>Nos agents font du processus de r\u00e9servation complexe d\u2019un jet priv\u00e9 une proc\u00e9dure simple et rapide. Nous offrons un service prestigieux, pour lequel notre priorit\u00e9 est de trouver l\u2019option la plus adapt\u00e9e \u00e0 vos besoins.<\/p>\n<p>Une intervention mondiale rapide : d\u00e8s votre premier appel, nous sommes en mesure de mettre un avion \u00e0 votre disposition partout dans le monde sous un d\u00e9lai de deux heures.<\/p>\n<p>Chez Excellence Eurojets, nous travaillons afin de fournir un service de qualit\u00e9 et exceptionnel, en prenant soin des moindres d\u00e9tails, sur simple appel. Nous ferons de votre voyage une exp\u00e9rience unique. Pour notre entreprise, ce qui compte r\u00e9ellement c\u2019est vous. Nos clients sont le pilier principal de notre entreprise et notre raison d\u2019\u00eatre.<\/p>\n<p><strong>Une exp\u00e9rience unique qui surpassera vos attentes !<\/strong><\/p>\n","protected":false},"excerpt":{"rendered":"<p>Bienvenue dans notre entreprise. Nous sommes une entreprise d\u2019affr\u00e8tement a\u00e9rien professionnelle et notre si\u00e8ge social est situ\u00e9 \u00e0 Marbella en Espagne. Nous sommes en mesure de vous faire voyager par voie a\u00e9rienne partout dans le monde avec l\u2019exclusivit\u00e9 et le confort le plus total, nous vous offrons \u00e9galement un service enti\u00e8rement personnalis\u00e9 dont vous n\u2019avez [&hellip;]<\/p>\n","protected":false},"author":1,"featured_media":496,"parent":0,"menu_order":0,"comment_status":"closed","ping_status":"closed","template":"page-about.php","meta":{"_acf_changed":false,"_joinchat":[],"footnotes":""},"class_list":["post-803","page","type-page","status-publish","has-post-thumbnail","hentry"],"acf":[],"_links":{"self":[{"href":"https:\/\/www.excellenceeurojets.com\/fr\/wp-json\/wp\/v2\/pages\/803","targetHints":{"allow":["GET"]}}],"collection":[{"href":"https:\/\/www.excellenceeurojets.com\/fr\/wp-json\/wp\/v2\/pages"}],"about":[{"href":"https:\/\/www.excellenceeurojets.com\/fr\/wp-json\/wp\/v2\/types\/page"}],"author":[{"embeddable":true,"href":"https:\/\/www.excellenceeurojets.com\/fr\/wp-json\/wp\/v2\/users\/1"}],"replies":[{"embeddable":true,"href":"https:\/\/www.excellenceeurojets.com\/fr\/wp-json\/wp\/v2\/comments?post=803"}],"version-history":[{"count":3,"href":"https:\/\/www.excellenceeurojets.com\/fr\/wp-json\/wp\/v2\/pages\/803\/revisions"}],"predecessor-version":[{"id":981,"href":"https:\/\/www.excellenceeurojets.com\/fr\/wp-json\/wp\/v2\/pages\/803\/revisions\/981"}],"wp:featuredmedia":[{"embeddable":true,"href":"https:\/\/www.excellenceeurojets.com\/fr\/wp-json\/wp\/v2\/media\/496"}],"wp:attachment":[{"href":"https:\/\/www.excellenceeurojets.com\/fr\/wp-json\/wp\/v2\/media?parent=803"}],"curies":[{"name":"wp","href":"https:\/\/api.w.org\/{rel}","templated":true}]}}