
{"id":817,"date":"2015-12-15T07:45:45","date_gmt":"2015-12-15T07:45:45","guid":{"rendered":"https:\/\/www.excellenceeurojets.com\/ru\/helicopters\/"},"modified":"2024-01-08T22:15:24","modified_gmt":"2024-01-08T22:15:24","slug":"helicopters","status":"publish","type":"page","link":"https:\/\/www.excellenceeurojets.com\/ru\/helicopters\/","title":{"rendered":"Helic\u00f3pteros privados"},"content":{"rendered":"\n<h2 class=\"wp-block-heading\"><strong>Servicio de alquiler de helic\u00f3ptero privado<\/strong><\/h2>\n\n\n\n<p>Si desea alquilar helic\u00f3pteros privados, que sepa que est\u00e1 en el lugar id\u00f3neo. En nuestra empresa llevamos muchos a\u00f1os ofreciendo este servicio y nada nos apasiona m\u00e1s que la satisfacci\u00f3n de nuestros clientes.<\/p>\n\n\n\n<p>Mediante el servicio de helic\u00f3pteros privados, nuestros clientes pueden proceder a su alquiler en cualquier momento del d\u00eda o del a\u00f1o, siempre que lo necesiten. Adem\u00e1s, disponemos de una gran flota, con lo cual las posibilidades son infinitas.<\/p>\n\n\n\n<p>En nuestra compa\u00f1\u00eda, nos interesa la satisfacci\u00f3n de nuestros clientes y por ello tratamos de tener en flota siempre las mejores opciones del mercado, con helic\u00f3pteros que puedan llegar a cubrir todas las necesidades de nuestros clientes; desde helic\u00f3pteros m\u00e1s peque\u00f1os hasta m\u00e1s grandes.&nbsp;<\/p>\n\n\n\n<p>Elegir a nuestra compa\u00f1\u00eda para este servicio siempre es un acierto, una propuesta de valor. Un sello de calidad. Con nosotros a su lado, puede tener claro que disfrutar\u00e1 de seguridad, privacidad, intimidad y todo lo que necesite para disfrutar de su viaje.<\/p>\n\n\n\n<h2 class=\"wp-block-heading\"><strong>\u00bfC\u00f3mo encontrar el helic\u00f3ptero privado que necesito?<\/strong><\/h2>\n\n\n\n<p>Al momento de alquilar un helic\u00f3ptero privado, sobre todo si es la primera vez, es habitual tener dudas sobre qu\u00e9 modelo en concreto elegir. Si echa un vistazo en esta p\u00e1gina, ver\u00e1 que disponemos de una flota extensa. Por tanto, \u00bfcu\u00e1l elegir?<\/p>\n\n\n\n<p>Para alquilar un helic\u00f3ptero privado, es importante considerar principalmente el n\u00famero de personas que estar\u00e1n a bordo. As\u00ed como otros factores como la distancia o alcance del vuelo, la velocidad y otras caracter\u00edsticas espec\u00edficas que pueda ofrecer un helic\u00f3ptero respecto a otro.<\/p>\n\n\n\n<p>Puede utilizar directamente el buscador que tenemos en esta p\u00e1gina y utilizar los filtros, as\u00ed ver\u00e1 en los resultados de b\u00fasqueda los helic\u00f3pteros privados que mejor se adec\u00faan a lo que est\u00e1 buscando.<\/p>\n\n\n\n<h2 class=\"wp-block-heading\"><strong>Tipos de helic\u00f3pteros<\/strong><\/h2>\n\n\n\n<p>Dentro de los helic\u00f3pteros disponibles, es importante distinguir entre los ligeros, los intermedios, los grandes y los ejecutivos.&nbsp;<\/p>\n\n\n\n<p>Los helic\u00f3pteros peque\u00f1os son ideales para grupos peque\u00f1os de hasta 3 o 4 personas. Son perfectos para realizar vuelos cortos, como desplazamientos urbanos, traslados a aeropuertos cercanos o tours panor\u00e1micos. A menudo son utilizados para viajes ejecutivos y tur\u00edsticos en \u00e1reas urbanas.&nbsp;<\/p>\n\n\n\n<p>Los helic\u00f3pteros intermedios son id\u00f3neos para el desplazamiento de grupos de entre 5 y 8 personas. Son adecuados para vuelos regionales y ofrecen un mayor rango de vuelo en comparaci\u00f3n con los helic\u00f3pteros ligeros. Son populares para viajes de negocios, viajes cortos entre ciudades o para llegar a destinos tur\u00edsticos cercanos.<\/p>\n\n\n\n<p>Los helic\u00f3pteros grandes consiguen albergar en su interior a unas 10 o 15 personas. Son muy recomendables para viajes de grupo, eventos corporativos, traslados a eventos especiales o incluso vuelos tur\u00edsticos de lujo.&nbsp;<\/p>\n\n\n\n<p>Los helic\u00f3pteros VIP y ejecutivos pueden ofrecer al cliente un nivel excepcional de comodidad y lujo. Son recomendados para trasladar a grupos m\u00e1s grandes, a menudo entre 15 y 20 personas, y ofrecen unos interiores incre\u00edbles. Son ideales para vuelos ejecutivos, eventos corporativos de alto nivel y viajes de placer de lujo.&nbsp;<\/p>\n\n\n\n<h2 class=\"wp-block-heading\"><strong>La mejor flota de helic\u00f3pteros en Excellence Eurojets<\/strong><\/h2>\n\n\n\n<p>\u00bfNo sabe qu\u00e9 tipo de helic\u00f3ptero privado alquilar? \u00bfNo tiene claro cu\u00e1l puede necesitar para los requisitos de su viaje? En ese caso, no se preocupe, porque desde Excellence Eurojets estaremos encantados de ayudarle.<\/p>\n\n\n\n<p>Si lo desea, puede utilizar el buscador que ver\u00e1 en esta misma p\u00e1gina. Ah\u00ed puede filtrar seg\u00fan el n\u00famero de pasajeros, tipo de aeronave, fabricante y otros aspectos que considere importante.&nbsp;<\/p>\n\n\n\n<p>En cualquier caso, no se preocupe por si tiene dudas nosotros le ayudaremos a determinar el tipo de helic\u00f3ptero privado m\u00e1s adecuado para su viaje. Recuerde que estamos a su entera disposici\u00f3n para ayudarle siempre que necesite helic\u00f3pteros privados.<\/p>\n","protected":false},"excerpt":{"rendered":"<p>Servicio de alquiler de helic\u00f3ptero privado Si desea alquilar helic\u00f3pteros privados, que sepa que est\u00e1 en el lugar id\u00f3neo. En nuestra empresa llevamos muchos a\u00f1os ofreciendo este servicio y nada nos apasiona m\u00e1s que la satisfacci\u00f3n de nuestros clientes. Mediante el servicio de helic\u00f3pteros privados, nuestros clientes pueden proceder a su alquiler en cualquier momento [&hellip;]<\/p>\n","protected":false},"author":1,"featured_media":480,"parent":0,"menu_order":0,"comment_status":"closed","ping_status":"closed","template":"page-flota.php","meta":{"_acf_changed":false,"_joinchat":[],"footnotes":""},"class_list":["post-817","page","type-page","status-publish","has-post-thumbnail","hentry"],"acf":[],"_links":{"self":[{"href":"https:\/\/www.excellenceeurojets.com\/ru\/wp-json\/wp\/v2\/pages\/817","targetHints":{"allow":["GET"]}}],"collection":[{"href":"https:\/\/www.excellenceeurojets.com\/ru\/wp-json\/wp\/v2\/pages"}],"about":[{"href":"https:\/\/www.excellenceeurojets.com\/ru\/wp-json\/wp\/v2\/types\/page"}],"author":[{"embeddable":true,"href":"https:\/\/www.excellenceeurojets.com\/ru\/wp-json\/wp\/v2\/users\/1"}],"replies":[{"embeddable":true,"href":"https:\/\/www.excellenceeurojets.com\/ru\/wp-json\/wp\/v2\/comments?post=817"}],"version-history":[{"count":5,"href":"https:\/\/www.excellenceeurojets.com\/ru\/wp-json\/wp\/v2\/pages\/817\/revisions"}],"predecessor-version":[{"id":2601,"href":"https:\/\/www.excellenceeurojets.com\/ru\/wp-json\/wp\/v2\/pages\/817\/revisions\/2601"}],"wp:featuredmedia":[{"embeddable":true,"href":"https:\/\/www.excellenceeurojets.com\/ru\/wp-json\/wp\/v2\/media\/480"}],"wp:attachment":[{"href":"https:\/\/www.excellenceeurojets.com\/ru\/wp-json\/wp\/v2\/media?parent=817"}],"curies":[{"name":"wp","href":"https:\/\/api.w.org\/{rel}","templated":true}]}}